{"id":40,"date":"2025-06-08T13:53:56","date_gmt":"2025-06-08T11:53:56","guid":{"rendered":"https:\/\/records.somni.de\/?post_type=product&#038;p=40"},"modified":"2025-08-24T19:46:06","modified_gmt":"2025-08-24T17:46:06","slug":"artenius-trio-klaviertrios-von-brahms-und-dvorak","status":"publish","type":"product","link":"https:\/\/records.somni.de\/en\/product\/artenius-trio-klaviertrios-von-brahms-und-dvorak\/","title":{"rendered":"Artenius Trio &#8211; Klaviertrios von Brahms und Dvo\u0159\u00e1k"},"content":{"rendered":"<p>Auf der CD sind das Klaviertrio H-Dur op. 8 von Johannes Brahms und das Klaviertrio g-Moll von Anton\u00edn Dvo\u0159\u00e1k op. 26 zu h\u00f6ren, eingespielt von Artenius Trio:<\/p>\n<p>Mika Yonezawa, Violine<br \/>\nKleif Carnarius, Cello<br \/>\nKatia Tchemberdji, Klavier<\/p>\n<p>Die Aufnahme ist im Teldex Studio Berlin gemacht.<br \/>\nTonmeister: Nicolai G\u00fctter.<br \/>\nAls Bonus-Track ist &#8222;Anklang&#8220; f\u00fcr Klaviertrio von Katia Tchemberdji zu h\u00f6ren.<\/p>","protected":false},"excerpt":{"rendered":"<p>Auf der CD sind das Klaviertrio H-Dur op. 8 von Johannes Brahms und das Klaviertrio g-Moll von Anton\u00edn Dvo\u0159\u00e1k op. 26 zu h\u00f6ren, eingespielt von Artenius Trio.<\/p>","protected":false},"featured_media":41,"comment_status":"closed","ping_status":"closed","template":"","meta":{"_acf_changed":false},"product_brand":[],"product_cat":[33],"product_tag":[],"class_list":{"0":"post-40","1":"product","2":"type-product","3":"status-publish","4":"has-post-thumbnail","6":"product_cat-cds","7":"product_shipping_class-grossbrief-bis-500g","8":"entry","10":"first","11":"instock","12":"taxable","13":"shipping-taxable","14":"purchasable","15":"product-type-simple"},"acf":[],"_links":{"self":[{"href":"https:\/\/records.somni.de\/en\/wp-json\/wp\/v2\/product\/40","targetHints":{"allow":["GET"]}}],"collection":[{"href":"https:\/\/records.somni.de\/en\/wp-json\/wp\/v2\/product"}],"about":[{"href":"https:\/\/records.somni.de\/en\/wp-json\/wp\/v2\/types\/product"}],"replies":[{"embeddable":true,"href":"https:\/\/records.somni.de\/en\/wp-json\/wp\/v2\/comments?post=40"}],"wp:featuredmedia":[{"embeddable":true,"href":"https:\/\/records.somni.de\/en\/wp-json\/wp\/v2\/media\/41"}],"wp:attachment":[{"href":"https:\/\/records.somni.de\/en\/wp-json\/wp\/v2\/media?parent=40"}],"wp:term":[{"taxonomy":"product_brand","embeddable":true,"href":"https:\/\/records.somni.de\/en\/wp-json\/wp\/v2\/product_brand?post=40"},{"taxonomy":"product_cat","embeddable":true,"href":"https:\/\/records.somni.de\/en\/wp-json\/wp\/v2\/product_cat?post=40"},{"taxonomy":"product_tag","embeddable":true,"href":"https:\/\/records.somni.de\/en\/wp-json\/wp\/v2\/product_tag?post=40"}],"curies":[{"name":"wp","href":"https:\/\/api.w.org\/{rel}","templated":true}]}}